{"id":666,"date":"2013-11-12T07:12:54","date_gmt":"2013-11-12T07:12:54","guid":{"rendered":"http:\/\/fictioninternational.sdsu.edu\/wordpress\/?page_id=666"},"modified":"2013-11-12T07:12:54","modified_gmt":"2013-11-12T07:12:54","slug":"scotomy","status":"publish","type":"page","link":"https:\/\/fictioninternational.sdsu.edu\/wordpress\/catalog\/issue-41-freak\/scotomy\/","title":{"rendered":"Scotomy"},"content":{"rendered":"<h3>Lawrence-Minh B\u00f9i Davis<\/h3>\n<p><b>All rights reserved.<\/b><\/p>\n<p>A customer enters an art gallery, finds a particular piece pleasing, and inquires about its price. Far too high, so he leaves.<\/p>\n<p>It&#8217;s an early morning in mid-February. The gallery is a refurbished warehouse in Queens. The customer is a small, strange-featured man\u2014but he&#8217;s of little consequence, quickly out of the picture. At the center of this story is the gallery curator, an \u00e9migr\u00e9 named Khi\u00eam.<\/p>\n<p>Our friend Khi\u00eam has never noticed the piece in question. Part of a shipment of 15th and 16th century ceramics, it arrived only a few days before, one of a set of nearly seventy pieces. He decides he doesn&#8217;t much care for it. It&#8217;s a smallish, unremarkable urn, roughly two and half feet high, a foot in diameter where it opens. Black with a lacquer glaze and mother-of-pearl inlay, it features designs of a few wispy trees, a few cautiously crouched animals: a tiger, a tortoise, several tiny, grounded birds.<\/p>\n<p>But there&#8217;s more. Near the bottom, something unexpected\u2014a human figure. Khi\u00eam looks closer, puzzled. Figures sometimes appear on cheap imitations hawked in markets, mass-produced in factories; never, as far as he knows, do they appear on originals. Very strange.<\/p>\n<p>The phone rings\u2014a technician calling about repairs. The gallery&#8217;s heating is down.<\/p>\n<p>&#8220;I can&#8217;t come until tomorrow at the soonest,&#8221; the technician insists.<\/p>\n<p>Meanwhile, another customer wanders in. A shipment arrives. A host of small chores arise. In such fashion the day and then the week pass by. Khi\u00eam forgets the urn entirely.<\/p>\n<div align=\"center\">* * *<\/div>\n<p>On the following Friday he takes off work early, driving south to meet his current love interest. When it comes to romance he is a certain kind of fool: as quickly as he is interested, he is uninterested, and he&#8217;s on the cusp of such a transition now.<\/p>\n<p>They meet in a small caf\u00e9 in Alexandria, Virginia, near the waterfront, not far from where she lives. She arrives with her brother in tow. Is this a fatal choice? No: what might be an off-putting move to some suitors pleases Khi\u00eam. He is very fond of B\u00ecnh&#8217;s younger brother Vi\u00ean, who like his sister is an artist.<\/p>\n<p>B\u00ecnh wears a low-slung sweater and a new perfume, maybe <em>Chanel<\/em>? This pleases him, both because the scent itself is pleasant and because tonight, coincidentally, he himself wears a new cologne. A perfect opening to remark upon it. Before he can seize the opportunity, however, B\u00ecnh excuses herself, leaving for the restroom, so instead Khi\u00eam turns to Vi\u00ean, producing a slim, navy blue bottle from his suit jacket.<\/p>\n<p>&#8220;Do you see this?&#8221; he asks. &#8220;A gift from my friend. From Paris.&#8221;<\/p>\n<p>&#8220;Ah yes,&#8221; Vi\u00ean says. &#8220;Very fancy, very extravagant.&#8221;<\/p>\n<p>In case she hasn&#8217;t noticed it, Khi\u00eam wants Vi\u00ean to point out the fragrance to his sister. Now that the moment of meeting has passed, Khi\u00eam doesn&#8217;t want to bring it up himself; that would be unseemly. If Vi\u00ean thinks the request somewhat silly, he makes no mention of it. He appears happy enough to do his friend this small favor. Meanwhile Khi\u00eam is suddenly lost in thought. Notice the cologne?\u2014in a strange burst of recollection he is forgetting the cologne and remembering the strange man from a week before, the would-be buyer, his taupe raincoat and freckled face, and then the black urn with its impossible figure. Khi\u00eam hadn&#8217;t noticed it at first glance: a matter of noticing.<\/p>\n<p>B\u00ecnh returns and Vi\u00ean begins to say, with a just-conspicuous grin, &#8220;Have you sm\u2014&#8221;<\/p>\n<p>I have a question for the two of you,&#8221; Khi\u00eam interrupts, the cologne forgotten altogether.<\/p>\n<p>What do you know about&#8230;artwork where something&#8217;s out of place?&#8221;<\/p>\n<p>Vi\u00ean gives him a quizzical look. B\u00ecnh pauses to think for a moment, then says, &#8220;You mean Thanh Gia B\u00e0o.&#8221;<\/p>\n<p>Khi\u00eam shakes his head slowly, unsure, but motions for her to go on.<\/p>\n<p>&#8220;Thanh Gia B\u00e0o. The &#8216;public&#8217; artist. His work is fashioned over billboards, on the sides of tractor trailers, on buildings, storefronts, street pavement. Out of place.&#8221;<\/p>\n<p>Khi\u00eam nods, still holding out a small hope she might steer somehow in the direction of the urn. &#8220;And does that make it worth more?&#8221;<\/p>\n<p>&#8220;Worth more&#8230;&#8221; She pauses, shaking her head. &#8220;No, money is irrelevant.&#8221;<\/p>\n<p>Khi\u00eam groans inwardly. Money is never irrelevant. He shouldn&#8217;t have raised the subject. He can sense that whatever she&#8217;s about to say will have no bearing on the urn whatsoever. Sometimes he likes this quality, her scatter-shot approach to conversation, but at the moment he finds it irritating.<\/p>\n<p>&#8220;There was once an experiment,&#8221; she says finally. &#8220;A French scientist coaxed an ape into creating a drawing, the first drawing ever made by an animal. I believe her name was Audrey.&#8221;<\/p>\n<p>What in the world is she talking about? Khi\u00eam wonders. Make sense, woman.<\/p>\n<p>&#8220;It took months just to teach her to hold the charcoal. And what did she draw? Something so obvious it was surprising: a picture of the bars of her cage.<\/p>\n<p>&#8220;I think of Mr. B\u00e0o&#8217;s art along similar lines. He draws attention to the bars of <em>our<\/em> cage, we Vietnamese in America.&#8221;<\/p>\n<p>Our cage? Khi\u00eam rubs his temples in frustration.<\/p>\n<p>&#8220;Hah! And they love him for it,&#8221; says Vi\u00ean. &#8220;Playing to American guilt.&#8221;<\/p>\n<p>An old tune\u2014Khi\u00eam is no longer listening. Our cage, American guilt: these ideas, or some variation, he has heard from the two of them before <em>ad nauseam<\/em>.<\/p>\n<p>&#8220;Let&#8217;s order drinks,&#8221; he announces.<\/p>\n<div align=\"center\">* * *<\/div>\n<p>For years the artist Thanh Gia B\u00e0o has spirited across the U.S., planting phantom images in all manner of public spaces. His tactics call to mind a number of artists in the rich tradition of agit-prop, protest art\u2014Jenny Holzer, the Gorilla Girls, Barbara Kruger, to name a few.<\/p>\n<p>In recent years, as he has grown increasingly infirm, Mr. B\u00e0o has stopped producing the actual images himself, hiring others to do the work under his careful supervision. As he explains it, the use of surrogates has become part of the art itself, a sort of performance he choreographs from afar, by walkie-talkie.<\/p>\n<p>Each performance takes place or &#8220;intervenes&#8221; in public spaces at inopportune\u2014or opportunistic, depending on how one looks at it\u2014moments: mid-day graffiti sprayed in crowded intersections; 50-foot tapestries unfurled from overpasses; sculptures hastily erected inside corporate office-parks.<\/p>\n<p>The scurrying surrogates and the startled, sometimes antagonistic crowds are integral components of the &#8220;performance spectacle,&#8221; insists Mr. B\u00e0o.<\/p>\n<p>Vi\u00ean himself doesn&#8217;t care for such &#8220;spectacle-art&#8221;; he mostly produces conventional landscape-paintings with oils or watercolors. By day he now works as a gardener and handyman in Northern Virginia, trades which earn him a fair living. As a sideline he sells his paintings, mostly of S\u00e0ig\u00f2n or D.C. cityscapes, to a local supplier for area hotels, motels, and restaurants.<\/p>\n<p>B\u00ecnh, who does similar work for similar clientele, received her training at H\u00e0 N\u00f4i&#8217;s prestigious <em>\u00c9cole des Beaux-Art l&#8217;Indochine<\/em>. It was there, in fact, where she first heard the story of the ape-artist.<\/p>\n<p>As stories go, it is not a particularly well-known one, despite its fantastic nature. Only Nabokov has kept it alive: supposedly he read of it while in the hospital, wracked with intercostal neuralgia. It was then that he felt the &#8220;initial shiver of inspiration&#8221; for his <em>Lolita<\/em>. Mentioned in that novel&#8217;s afterword, passed on to B\u00ecnh by a painting instructor, a Nabokov enthusiast, the story has lasted on through the years, a fleck of dust on <em>Lolita<\/em>&#8216;s dust-jacket.<\/p>\n<p>Why, one wonders, is Audrey not more widely known? Should one ask B\u00ecnh, the answer is guilt: Audrey&#8217;s art is a cry of resistance, equal parts anguish and outrage over her imprisonment, enacted not simply by the lone, French scientist but in the name of Science, conducted on behalf, and with the silent complicity, of all of us.<\/p>\n<p>We who have placed those bars around her are not happy to be reminded of this truth.<\/p>\n<p>B\u00ecnh has a way of politicizing everything\u2014a quality, in our friend Khi\u00eam&#8217;s estimation, she&#8217;d do well to suppress, if not excise altogether. And Khi\u00eam cares nothing for the art of Audrey, Nabokov, or Mr. B\u00e0o. He has little interest in art other than as a means to make a living. Whenever Vi\u00ean and B\u00ecnh have asked him to attend exhibitions, yes, he has gone willingly\u2014as a social duty. He has even considered pulling some strings so that one or both siblings might exhibit something in a New York gallery, though in truth he doesn&#8217;t care for either one&#8217;s work. Pulling strings would only have been in the interests of sleeping with B\u00ecnh.<\/p>\n<p>A day later, back at the gallery, he re-examines the urn. He half-expects the figure to have disappeared, but it&#8217;s still there. Looking closer, he can make out slim arms and legs, the faint suggestion of mother-of-pearl-molded clothing and hair. He feels a chill. Perhaps with a magnifying glass he&#8217;ll discern more.<\/p>\n<p>On a normal day the gallery is open to the public for only a few hours. The remainder of each day is reserved for appointments for representatives of museums, hotels, and for the cheaper pieces, the occasional restaurant. A manager as well as a curator, Khi\u00eam must also arrange the shipments, file the various invoices and receipts, and handle the payroll. Time is scarce. Today, however, to his delight, no one visits, and what little paperwork remains can be postponed.<\/p>\n<p>From a catalogue Khi\u00eam locates an inventory of the last shipment. Number 605, <em>Untitled<\/em>, weight: 20.4 lbs. Undamaged. 12,000 dollars. Crafted in 1498 by Nguy\u00ean V\u00e2n Cao for the Vu family\u2014this last information, he sees, is also inscribed in fine, miniature lettering on the base of the urn, presumably by Mr. Cao himself. All of the pieces, the records indicate, were crafted in the village of B\u00e1t Tr\u00e0ng, famous for its ceramics, located just outside of H\u00e0 N\u00f4i.<\/p>\n<p>So there&#8217;s no mix-up or fraud.<\/p>\n<p>Khi\u00eam really hadn&#8217;t expected to find anything; a proper mystery is never resolved so easily. He thinks back to that first moment, the first encounter, to the buyer who pointed out the piece. An inelegant little man, freckled, pale, with a thin fold of brown hair on the very top of his head. He had an odd energy, something about how he entered, how he walked. Perhaps there is a clue to be located in his features, his freckle-spangled face, his cautious movements? No. That morning he left too suddenly, and Khi\u00eam noticed very little about him.<\/p>\n<p>The mystery flows in another direction.<\/p>\n<div align=\"center\">* * *<\/div>\n<p>As every photographer knows, to notice means at once to not-notice. The act of seeing always implies some act of not-seeing. To focus the camera on a beach dune is to ignore the mountain range in the rear-distance, the glen of trees to the side.<\/p>\n<p>One thinks of Marguerite Duras&#8217; popular novel <em>The Lover<\/em>. Set in Vi\u00eat Nam in the 1940s, its cast of characters strangely includes no Vietnamese. Nor do any Vietnamese appear in the background. Readers follow a French narrator as she wanders the streets of Cho L\u00f3n, look on as she conducts her torrid affair with an older Chinese man\u2014and meet no Vietnamese.<\/p>\n<p>To restate, only Chinese and French, the country&#8217;s past and present colonizers, are visible. Surely there are Vietnamese about; it is not a country, even in the dreamy, kaleidoscopic world of the novel, stripped entirely of its people. How could the narrator fail to notice them?<\/p>\n<p>Make no mistake, canny Duras herself did not miss the people, not with her feeling eyes. The absence, the silence she&#8217;s crafted is meant to hum, meant to draw attention to itself. <em>Look at how we look<\/em>, Duras implores, <em>how we are blind<\/em>.<\/p>\n<p>This is roughly the same question, inverted, the artist Thanh Gia B\u00e0o means to ask American audiences. <em>How do you look at us? (Are we invisible to you?)<\/em><\/p>\n<p>Back in Vi\u00eat Nam, Mr. B\u00e0o has long enjoyed the notoriety he slowly gains in certain corners of the States. He first became infamous in the late &#8217;70s for his public evocations of homosexuality, which in many corners of Vi\u00eat Nam was still unrecognized. Circa 1960 a comment about it might receive a blank response\u2014the confusion of someone denying the very possibility. But gays are everywhere around us, Mr. B\u00e0o said in 1978, when he began leaving chalk-sketches, graphic depictions of gay sex, on the cobble-stone market-squares of S\u00e0ig\u00f2n. Whenever one was washed clear, another would appear.<\/p>\n<p>To Mr. B\u00e0o, it is precisely the responsibility of the artist to speak the unspeakable. To question what he calls &#8220;the charged silences of a culture.&#8221; To force the public to notice. As artist his impulse is to look not only outward, to the Western regard of Vietnamese, but inward.<\/p>\n<p><em>How do we look at ourselves?<\/em><\/p>\n<div align=\"center\">* * *<\/div>\n<p>A few days have passed. Khi\u00eam is on the phone. A fax arrives, an information sheet, sent by the company from whom the gallery originally purchased the urn. Same data already in the catalogue. He calls back. Another sheet arrives, this one more detailed. Number 605: acquired in 1998. Previously owned by a private collector; purchased in 1962. Before that, owned by a series of private collectors; initially acquired from the Vu family in the late 1800s. Nothing else.<\/p>\n<p>How to proceed from here? With mysteries Khi\u00eam has little experience. He&#8217;s led what he considers a fairly ordinary, un-mysterious life. Born in S\u00e0ig\u00f2n to a wealthy family, he lived comfortably there, running a restaurant-lounge he inherited from an uncle. The work was pleasant enough until a small fire forced him to close. He sold the title to a friend at a good price. An ordinary life.<\/p>\n<p>At the suggestion of a cousin, Khi\u00eam came to the U.S. in the late 1990s.<\/p>\n<p>&#8220;You already speak fair English,&#8221; said the cousin. &#8220;See the country. Manage the gallery. You make good money here. You don&#8217;t need to know anything more about art than what&#8217;s on the inventory. I&#8217;ll give you fair commission on whatever you sell.<\/p>\n<p>&#8220;Afterwards, you come back to Vietnam and you&#8217;re a king. You buy any woman you want.&#8221;<\/p>\n<p>To Khi\u00eam, that was the stuff of a good sales pitch.<\/p>\n<p>Business was brisk. If no one bought Vietnamese art in Vi\u00eat Nam save for European tourists, here it sold hand over fist. Once he settled in, his cousin began vacationing nine months out of the year, chasing American college girls the other three. The gallery was Khi\u00eam&#8217;s to manage.<\/p>\n<p>Reflecting back on those early months, he remembers his first, anxious sale: a set of rather grotesque vases to a midtown hotel. He remembers the hurried morning of the first shipment&#8217;s arrival. Beside the loading dock a vagrant peed furiously against the warehouse wall, and to Khi\u00eam it was strangely comforting, reminding him of all the nights of drunks peeing against the wall of his lounge in S\u00e0ig\u00f2n.<\/p>\n<p>His thoughts skip to B\u00ecnh, who will visit in two weeks. He has yet to mention the urn to her. On the evening in Alexandria he thought better of telling her until he was sure the urn was authentic, but since then, some other impulse has kept him quiet.<\/p>\n<p>Perhaps it is time to tell her of the urn.<\/p>\n<div align=\"center\">* * *<\/div>\n<p>There is an episode <em>The Lover<\/em> visits again and again. Circles, one might say, not so much like a hawk circles its prey as a kite circles its flier. The young French girl rides a ferry across the M\u00ea K\u00f4ng River. She makes her return home to S\u00e0ig\u00f2n from school. In each return to the episode we learn more, and eventually its import becomes clear. It is here that she meets her future lover.<\/p>\n<p>She is fifteen and a half. She wears a near-transparent silk dress, gold lam\u00e9 heels, a man&#8217;s fedora, and dark cherry-red lipstick. He cannot resist her.<\/p>\n<p>She describes the following in the various versions of the episode:<\/p>\n<p>the rails of the ferry<\/p>\n<p>the river and its tributaries, flowing &#8220;as fast as if the earth sloped downward&#8221;<\/p>\n<p>herself\u2014her dress, her makeup, layered to disguise her freckles<\/p>\n<p>the cars aboard the ferry, in particular a black limousine, a Morris L\u00e9on-Boll\u00e9e, and inside, a Chinese man at once elegant and effete<\/p>\n<p>What she misses, or <em>scotomizes<\/em>:<\/p>\n<p>a teenage male, shirtless, slouching against the ferry-railing<\/p>\n<p>behind him, a woman and child, the woman wearing a man&#8217;s black tuxedo jacket over a gauzy blouse<\/p>\n<p>down the rails, several laborers, all middle-aged men, smoking and laughing<\/p>\n<p>a throng of pre-teen girls in school uniforms<\/p>\n<p>in the shade cast by the car-hold, two young women bearing baskets of produce\u2014cucumbers, purple mint, litchi fruit<\/p>\n<p>To watch the Chinese man the French girl must crane her head around the teenage male, then wait for the mother, chasing after her son, to pass. To approach the French girl, the Chinese man must step around the squatting laborers, make his way carefully through the throng of school girls, ignore or decline the sales-pitch offers of the produce-women.<\/p>\n<p>The point is that the narrator must work to not-notice the Vietnamese all around her. It is not an idle act of ignoring, of erasing. It is an active, challenging one. A brutal one. And a necessary one, for her and for us, her readers: there can be no romance, no story of romance, without the exclusion of the extraneous, the complicating, the ugly flotsam.<\/p>\n<div align=\"center\">* * *<\/div>\n<p>When B\u00ecnh calls, Khi\u00eam is pleased to hear her voice. The threat of losing interest has evaporated. He has looked forward to her frenzied nature, even looked forward to her politics. It is a Tuesday evening. A week has passed.<\/p>\n<p>She will take the train up this Friday evening, she says. It will be her first visit to New York, or at least her first to see him. Will she stay in a hotel? They don&#8217;t discuss it. With him, in a hotel, either way, if she enjoys the stay she may come again, may come to stay, may someday desire to move in with him. The progression plays out by image in his head. Always it ends with the simplicity of naked bodies.<\/p>\n<p>She&#8217;ll call again before Friday, she says, let him know when to meet her at the station. They say their goodbyes.<\/p>\n<p>Afterwards he prepares himself a cup of tea. As he ladles a spoonful of honey into the mug, he finds himself staring again at the urn. It sits as the center-piece of his kitchen island. He stores it in his loft for safe-keeping, he&#8217;s been telling himself. Safekeeping\u2014hah! It is his now. An anachronism, a unique piece, it will be priceless.<\/p>\n<p>The next step is to contact an art historian for authentication. And to be sure that no other ceramics, at least of this vintage, have ever featured anything like a small figure. The imagination stirs. He might also go to B\u00e1t Tr\u00e0ng. Perhaps in the summer, or the next fall. Contact the previous owners, those still alive, or if dead, their children, or their children&#8217;s children. <em>Do you remember a small figure on an urn?<\/em> A silly-seeming question, he knows, but the one he will press forward. From there he&#8217;ll go to S\u00e0ig\u00f2n, to see his friend and the lounge, several other old haunts. Visit his elderly uncle, maybe. Visit a museum, a series of private collectors. And on and on.<\/p>\n<div align=\"center\">* * *<\/div>\n<p>What if Khi\u00eam and Mr. B\u00e0o were somehow to meet?<\/p>\n<p>One must concede that the mystery of the urn-figure remains out of reach, at least temporarily. It will only be solved, if it is ever solved, with years of diligent investigation. So a meeting between Khi\u00eam and Mr. B\u00e0o is the only sort of resolution available to this story.<\/p>\n<p>Let us assume Mr. B\u00e0o chooses to mount one of his public paintings somewhere in the vicinity of Khi\u00eam&#8217;s warehouse-gallery, eminently plausible. A few months have passed. It is April, say, and Mr. B\u00e0o is on the final leg of a ten-city junket. He travels with his surrogates by caravan.<\/p>\n<p>Two nights after he arrives in the area, Mr. B\u00e0o begins his work. He spends the first night scouting, calculating. <em>The night of<\/em> is not for calculation; <em>the night of<\/em> he works slowly, intuitively, almost aimlessly. The surrogates follow their cues, follow his conductor&#8217;s strokes. It takes most of the night to finish the image, which is, he decides later, to be one of a set. He will complete another four or five, scattered about the city and its suburbs, over the coming weeks.<\/p>\n<p>Khi\u00eam passes the image a few days later, perhaps while returning from dinner, or from a shopping trip, or while heading to a show.<\/p>\n<p>His response?<\/p>\n<p>Or more precisely\u2014the better question\u2014does he notice the painting or no?<\/p>\n<p>Of course not.<\/p>\n<p>Large and loud as it is, Khi\u00eam is closed off to it. It doesn&#8217;t register. He has become like the girl-narrator of <em>The Lover<\/em>. This is what the meeting signifies: Khi\u00eam&#8217;s is a near-unbelievable blindness, the humming silence of <em>The Lover<\/em> replayed. The meeting is performance, featuring not only the image itself, the surrogates swarming at work, and the various passersby who spot the painting in the following days. These are only lesser movements of a larger dance. The major movement, the climax, arrives only when Khi\u00eam passes the image and fails to notice it.<\/p>\n<p><em>Look at him not-noticing<\/em>.<\/p>\n<p><em>Look at how we look at ourselves<\/em>.<\/p>\n<h4><em>Lawrence-Minh B\u00f9i Davis is a Vietnamese American writer living in the Washington DC area. His poetry has appeared in <\/em>AGNI<em> and <\/em>The New York Quarterly.<\/h4>\n<h4><em>This story is included in issue #41: <\/em> Freak. <em>Copyright \u00a9 2008 by <\/em>Fiction International.<em> Authors of individual works retain copyright, with the restriction that subsequent publication of any text be accompanied by notice of prior publication in <\/em>Fiction International. <em>Please contact the <a href=\"mailto:hjaffe@mail.sdsu.edu\">editor<\/a> for reprinting information.<\/em><\/h4>\n<p>Purchase <em>Freak<\/em> from <a href=\"http:\/\/www.amazon.com\/gp\/product\/1879691795\/ref=as_li_qf_sp_asin_tl?ie=UTF8&amp;tag=fictionintern-20&amp;linkCode=as2&amp;camp=1789&amp;creative=9325&amp;creativeASIN=1879691795\" target=\"_blank\">Amazon.com<\/a>.<\/p>\n","protected":false},"excerpt":{"rendered":"<p>Lawrence-Minh B\u00f9i Davis All rights reserved. A customer enters an art gallery, finds a particular piece pleasing, and inquires about its price. Far too high, so he leaves. It&#8217;s an early morning in mid-February. The gallery is a refurbished warehouse in Queens. The customer is a small, strange-featured man\u2014but he&#8217;s of little consequence, quickly out [&hellip;]<\/p>\n","protected":false},"author":3,"featured_media":0,"parent":378,"menu_order":0,"comment_status":"open","ping_status":"closed","template":"","meta":{"footnotes":""},"class_list":["post-666","page","type-page","status-publish","hentry"],"_links":{"self":[{"href":"https:\/\/fictioninternational.sdsu.edu\/wordpress\/wp-json\/wp\/v2\/pages\/666","targetHints":{"allow":["GET"]}}],"collection":[{"href":"https:\/\/fictioninternational.sdsu.edu\/wordpress\/wp-json\/wp\/v2\/pages"}],"about":[{"href":"https:\/\/fictioninternational.sdsu.edu\/wordpress\/wp-json\/wp\/v2\/types\/page"}],"author":[{"embeddable":true,"href":"https:\/\/fictioninternational.sdsu.edu\/wordpress\/wp-json\/wp\/v2\/users\/3"}],"replies":[{"embeddable":true,"href":"https:\/\/fictioninternational.sdsu.edu\/wordpress\/wp-json\/wp\/v2\/comments?post=666"}],"version-history":[{"count":1,"href":"https:\/\/fictioninternational.sdsu.edu\/wordpress\/wp-json\/wp\/v2\/pages\/666\/revisions"}],"predecessor-version":[{"id":667,"href":"https:\/\/fictioninternational.sdsu.edu\/wordpress\/wp-json\/wp\/v2\/pages\/666\/revisions\/667"}],"up":[{"embeddable":true,"href":"https:\/\/fictioninternational.sdsu.edu\/wordpress\/wp-json\/wp\/v2\/pages\/378"}],"wp:attachment":[{"href":"https:\/\/fictioninternational.sdsu.edu\/wordpress\/wp-json\/wp\/v2\/media?parent=666"}],"curies":[{"name":"wp","href":"https:\/\/api.w.org\/{rel}","templated":true}]}}